{"id":3127,"date":"2024-02-08T07:14:59","date_gmt":"2024-02-08T07:14:59","guid":{"rendered":"https:\/\/startersites.io\/elementor\/garderobe\/?page_id=3127"},"modified":"2025-12-05T12:30:38","modified_gmt":"2025-12-05T10:30:38","slug":"despre-noi","status":"publish","type":"page","link":"https:\/\/sciencestudies.ro\/en\/despre-noi\/","title":{"rendered":"Despre noi"},"content":{"rendered":"<div data-elementor-type=\"wp-page\" data-elementor-id=\"3127\" class=\"elementor elementor-3127\">\n\t\t\t\t<div class=\"elementor-element elementor-element-9afc2c3 e-flex e-con-boxed e-con e-parent\" data-id=\"9afc2c3\" data-element_type=\"container\" data-e-type=\"container\" data-settings=\"{&quot;background_background&quot;:&quot;classic&quot;}\">\n\t\t\t\t\t<div class=\"e-con-inner\">\n\t\t\t\t<div class=\"elementor-element elementor-element-b2f674d elementor-widget elementor-widget-heading\" data-id=\"b2f674d\" data-element_type=\"widget\" data-e-type=\"widget\" data-widget_type=\"heading.default\">\n\t\t\t\t\t<h2 class=\"elementor-heading-title elementor-size-default\">Science Studies<\/h2>\t\t\t\t<\/div>\n\t\t\t\t<div class=\"elementor-element elementor-element-faece40 elementor-widget elementor-widget-heading\" data-id=\"faece40\" data-element_type=\"widget\" data-e-type=\"widget\" data-widget_type=\"heading.default\">\n\t\t\t\t\t<h3 class=\"elementor-heading-title elementor-size-default\">cursuri stomatologie<\/h3>\t\t\t\t<\/div>\n\t\t\t\t<div class=\"elementor-element elementor-element-562f6f6 elementor-widget__width-initial elementor-widget elementor-widget-text-editor\" data-id=\"562f6f6\" data-element_type=\"widget\" data-e-type=\"widget\" data-widget_type=\"text-editor.default\">\n\t\t\t\t\t\t\t\t\t<p>organizam cursuri \u0219i evenimente de excelen\u021b\u0103 \u00een stomatologie, \u00eenc\u0103 din 2014, cu lectori interna\u021bionali recunoscu\u021bi pentru expertiza lor.<\/p>\t\t\t\t\t\t\t\t<\/div>\n\t\t\t\t\t<\/div>\n\t\t\t\t<\/div>\n\t\t<div class=\"elementor-element elementor-element-055b299 e-flex e-con-boxed e-con e-parent\" data-id=\"055b299\" data-element_type=\"container\" data-e-type=\"container\">\n\t\t\t\t\t<div class=\"e-con-inner\">\n\t\t<div class=\"elementor-element elementor-element-9ef7b5f e-con-full e-flex e-con e-child\" data-id=\"9ef7b5f\" data-element_type=\"container\" data-e-type=\"container\" data-settings=\"{&quot;background_background&quot;:&quot;classic&quot;}\">\n\t\t\t\t<div class=\"elementor-element elementor-element-65ad411 elementor-widget__width-initial elementor-widget-tablet__width-inherit elementor-widget elementor-widget-image\" data-id=\"65ad411\" data-element_type=\"widget\" data-e-type=\"widget\" data-widget_type=\"image.default\">\n\t\t\t\t\t\t\t\t\t\t\t\t\t\t\t<img fetchpriority=\"high\" decoding=\"async\" width=\"450\" height=\"450\" src=\"https:\/\/sciencestudies.ro\/wp-content\/uploads\/2025\/12\/raluca-2.jpg\" class=\"attachment-full size-full wp-image-3592\" alt=\"\" srcset=\"https:\/\/sciencestudies.ro\/wp-content\/uploads\/2025\/12\/raluca-2.jpg 450w, https:\/\/sciencestudies.ro\/wp-content\/uploads\/2025\/12\/raluca-2-300x300.jpg 300w, https:\/\/sciencestudies.ro\/wp-content\/uploads\/2025\/12\/raluca-2-150x150.jpg 150w, https:\/\/sciencestudies.ro\/wp-content\/uploads\/2025\/12\/raluca-2-12x12.jpg 12w, https:\/\/sciencestudies.ro\/wp-content\/uploads\/2025\/12\/raluca-2-100x100.jpg 100w\" sizes=\"(max-width: 450px) 100vw, 450px\" \/>\t\t\t\t\t\t\t\t\t\t\t\t\t\t\t<\/div>\n\t\t<div class=\"elementor-element elementor-element-c6d3eb8 e-con-full e-flex e-con e-child\" data-id=\"c6d3eb8\" data-element_type=\"container\" data-e-type=\"container\">\n\t\t\t\t<div class=\"elementor-element elementor-element-4487f8e elementor-widget elementor-widget-heading\" data-id=\"4487f8e\" data-element_type=\"widget\" data-e-type=\"widget\" data-widget_type=\"heading.default\">\n\t\t\t\t\t<h6 class=\"elementor-heading-title elementor-size-default\">Fondator<\/h6>\t\t\t\t<\/div>\n\t\t\t\t<div class=\"elementor-element elementor-element-c8c834f elementor-widget elementor-widget-heading\" data-id=\"c8c834f\" data-element_type=\"widget\" data-e-type=\"widget\" data-widget_type=\"heading.default\">\n\t\t\t\t\t<h3 class=\"elementor-heading-title elementor-size-default\">Asist. Univ. Dr. Raluca Draghici<\/h3>\t\t\t\t<\/div>\n\t\t\t\t<div class=\"elementor-element elementor-element-962b41a elementor-widget elementor-widget-text-editor\" data-id=\"962b41a\" data-element_type=\"widget\" data-e-type=\"widget\" data-widget_type=\"text-editor.default\">\n\t\t\t\t\t\t\t\t\t<p>Medic coordonator al echipei medicale din cadrul clinicii Office Dent, specialist protetica dentara, PhD in stiinte medicale, competenta implantologie, medic medicina generala.<\/p>\t\t\t\t\t\t\t\t<\/div>\n\t\t\t\t<div class=\"elementor-element elementor-element-6dc9092 elementor-shape-circle elementor-grid-0 e-grid-align-center elementor-widget elementor-widget-social-icons\" data-id=\"6dc9092\" data-element_type=\"widget\" data-e-type=\"widget\" data-widget_type=\"social-icons.default\">\n\t\t\t\t\t\t\t<div class=\"elementor-social-icons-wrapper elementor-grid\" role=\"list\">\n\t\t\t\t\t\t\t<span class=\"elementor-grid-item\" role=\"listitem\">\n\t\t\t\t\t<a class=\"elementor-icon elementor-social-icon elementor-social-icon-facebook elementor-repeater-item-be89728\" href=\"https:\/\/www.facebook.com\/raluca.miciulicadraghici\" target=\"_blank\">\n\t\t\t\t\t\t<span class=\"elementor-screen-only\">Facebook<\/span>\n\t\t\t\t\t\t<svg aria-hidden=\"true\" class=\"e-font-icon-svg e-fab-facebook\" viewbox=\"0 0 512 512\" xmlns=\"http:\/\/www.w3.org\/2000\/svg\"><path d=\"M504 256C504 119 393 8 256 8S8 119 8 256c0 123.78 90.69 226.38 209.25 245V327.69h-63V256h63v-54.64c0-62.15 37-96.48 93.67-96.48 27.14 0 55.52 4.84 55.52 4.84v61h-31.28c-30.8 0-40.41 19.12-40.41 38.73V256h68.78l-11 71.69h-57.78V501C413.31 482.38 504 379.78 504 256z\"><\/path><\/svg>\t\t\t\t\t<\/a>\n\t\t\t\t<\/span>\n\t\t\t\t\t\t\t<span class=\"elementor-grid-item\" role=\"listitem\">\n\t\t\t\t\t<a class=\"elementor-icon elementor-social-icon elementor-social-icon-linkedin elementor-repeater-item-c62c5f4\" href=\"https:\/\/www.linkedin.com\/in\/raluca-draghici-77b6a153%20\" target=\"_blank\">\n\t\t\t\t\t\t<span class=\"elementor-screen-only\">Linkedin<\/span>\n\t\t\t\t\t\t<svg aria-hidden=\"true\" class=\"e-font-icon-svg e-fab-linkedin\" viewbox=\"0 0 448 512\" xmlns=\"http:\/\/www.w3.org\/2000\/svg\"><path d=\"M416 32H31.9C14.3 32 0 46.5 0 64.3v383.4C0 465.5 14.3 480 31.9 480H416c17.6 0 32-14.5 32-32.3V64.3c0-17.8-14.4-32.3-32-32.3zM135.4 416H69V202.2h66.5V416zm-33.2-243c-21.3 0-38.5-17.3-38.5-38.5S80.9 96 102.2 96c21.2 0 38.5 17.3 38.5 38.5 0 21.3-17.2 38.5-38.5 38.5zm282.1 243h-66.4V312c0-24.8-.5-56.7-34.5-56.7-34.6 0-39.9 27-39.9 54.9V416h-66.4V202.2h63.7v29.2h.9c8.9-16.8 30.6-34.5 62.9-34.5 67.2 0 79.7 44.3 79.7 101.9V416z\"><\/path><\/svg>\t\t\t\t\t<\/a>\n\t\t\t\t<\/span>\n\t\t\t\t\t\t\t<span class=\"elementor-grid-item\" role=\"listitem\">\n\t\t\t\t\t<a class=\"elementor-icon elementor-social-icon elementor-social-icon-link elementor-repeater-item-5d62abc\" href=\"https:\/\/www.officedent.ro\" target=\"_blank\">\n\t\t\t\t\t\t<span class=\"elementor-screen-only\">Link<\/span>\n\t\t\t\t\t\t<svg aria-hidden=\"true\" class=\"e-font-icon-svg e-fas-link\" viewbox=\"0 0 512 512\" xmlns=\"http:\/\/www.w3.org\/2000\/svg\"><path d=\"M326.612 185.391c59.747 59.809 58.927 155.698.36 214.59-.11.12-.24.25-.36.37l-67.2 67.2c-59.27 59.27-155.699 59.262-214.96 0-59.27-59.26-59.27-155.7 0-214.96l37.106-37.106c9.84-9.84 26.786-3.3 27.294 10.606.648 17.722 3.826 35.527 9.69 52.721 1.986 5.822.567 12.262-3.783 16.612l-13.087 13.087c-28.026 28.026-28.905 73.66-1.155 101.96 28.024 28.579 74.086 28.749 102.325.51l67.2-67.19c28.191-28.191 28.073-73.757 0-101.83-3.701-3.694-7.429-6.564-10.341-8.569a16.037 16.037 0 0 1-6.947-12.606c-.396-10.567 3.348-21.456 11.698-29.806l21.054-21.055c5.521-5.521 14.182-6.199 20.584-1.731a152.482 152.482 0 0 1 20.522 17.197zM467.547 44.449c-59.261-59.262-155.69-59.27-214.96 0l-67.2 67.2c-.12.12-.25.25-.36.37-58.566 58.892-59.387 154.781.36 214.59a152.454 152.454 0 0 0 20.521 17.196c6.402 4.468 15.064 3.789 20.584-1.731l21.054-21.055c8.35-8.35 12.094-19.239 11.698-29.806a16.037 16.037 0 0 0-6.947-12.606c-2.912-2.005-6.64-4.875-10.341-8.569-28.073-28.073-28.191-73.639 0-101.83l67.2-67.19c28.239-28.239 74.3-28.069 102.325.51 27.75 28.3 26.872 73.934-1.155 101.96l-13.087 13.087c-4.35 4.35-5.769 10.79-3.783 16.612 5.864 17.194 9.042 34.999 9.69 52.721.509 13.906 17.454 20.446 27.294 10.606l37.106-37.106c59.271-59.259 59.271-155.699.001-214.959z\"><\/path><\/svg>\t\t\t\t\t<\/a>\n\t\t\t\t<\/span>\n\t\t\t\t\t<\/div>\n\t\t\t\t\t\t<\/div>\n\t\t\t\t<\/div>\n\t\t\t\t<\/div>\n\t\t\t\t\t<\/div>\n\t\t\t\t<\/div>\n\t\t<div class=\"elementor-element elementor-element-fb8608b e-flex e-con-boxed e-con e-parent\" data-id=\"fb8608b\" data-element_type=\"container\" data-e-type=\"container\">\n\t\t\t\t\t<div class=\"e-con-inner\">\n\t\t\t\t<div class=\"elementor-element elementor-element-c24d2ba elementor-widget-tablet__width-inherit elementor-widget elementor-widget-image\" data-id=\"c24d2ba\" data-element_type=\"widget\" data-e-type=\"widget\" data-widget_type=\"image.default\">\n\t\t\t\t\t\t\t\t\t\t\t\t\t\t\t<img decoding=\"async\" width=\"840\" height=\"810\" src=\"https:\/\/sciencestudies.ro\/wp-content\/uploads\/2025\/12\/despre-noi.jpg\" class=\"attachment-full size-full wp-image-3699\" alt=\"\" srcset=\"https:\/\/sciencestudies.ro\/wp-content\/uploads\/2025\/12\/despre-noi.jpg 840w, https:\/\/sciencestudies.ro\/wp-content\/uploads\/2025\/12\/despre-noi-300x289.jpg 300w, https:\/\/sciencestudies.ro\/wp-content\/uploads\/2025\/12\/despre-noi-768x741.jpg 768w, https:\/\/sciencestudies.ro\/wp-content\/uploads\/2025\/12\/despre-noi-12x12.jpg 12w, https:\/\/sciencestudies.ro\/wp-content\/uploads\/2025\/12\/despre-noi-600x579.jpg 600w\" sizes=\"(max-width: 840px) 100vw, 840px\" \/>\t\t\t\t\t\t\t\t\t\t\t\t\t\t\t<\/div>\n\t\t<div class=\"elementor-element elementor-element-91bd693 e-con-full e-flex e-con e-child\" data-id=\"91bd693\" data-element_type=\"container\" data-e-type=\"container\" data-settings=\"{&quot;background_background&quot;:&quot;classic&quot;}\">\n\t\t\t\t<div class=\"elementor-element elementor-element-dd2e950 elementor-widget elementor-widget-heading\" data-id=\"dd2e950\" data-element_type=\"widget\" data-e-type=\"widget\" data-widget_type=\"heading.default\">\n\t\t\t\t\t<h2 class=\"elementor-heading-title elementor-size-default\">Despre noi<\/h2>\t\t\t\t<\/div>\n\t\t\t\t<div class=\"elementor-element elementor-element-edcbaae elementor-widget__width-initial elementor-widget elementor-widget-text-editor\" data-id=\"edcbaae\" data-element_type=\"widget\" data-e-type=\"widget\" data-widget_type=\"text-editor.default\">\n\t\t\t\t\t\t\t\t\t<p>Misiunea noastr\u0103 la Science Studies este de a furniza un echilibru optim \u00eentre cuno\u0219tin\u021be teoretice \u0219i abilit\u0103\u021bi practice, integr\u00e2nd \u00een fiecare eveniment organizat componentete hands-on sau live-op. Aceast\u0103 abordare garanteaz\u0103 c\u0103 participan\u021bii dob\u00e2ndesc informa\u021bii aplicabile imediat \u00een practica lor curent\u0103. Cu un accent pe cursuri profesionale \u0219i un curriculum de \u00eenalt\u0103 calitate, oferim un mediu de \u00eenv\u0103\u021bare intim, favoriz\u00e2nd interac\u021biunea str\u00e2ns\u0103 cu lectorii no\u0219tri.<\/p>\n<p>Ne m\u00e2ndrim cu parteneriatele stabilite cu profesioni\u0219ti distinsi, precum Dr. \u0219i Td. Aldo Grammatica, Prof. Dr. Piero Venezia sau Prof. Univ. Dr. Holger Jentsch, care \u00ee\u0219i \u00eemp\u0103rt\u0103\u0219esc expertiza vast\u0103 din diverse ramuri ale stomatologiei. Curriculum-ul nostru include cursuri variate \u00een domenii precum protetic\u0103, ocluzie, stomatologie digital\u0103, parodontologie \u0219i medicin\u0103 de urgen\u021b\u0103, completate de ateliere practice \u0219i demonstra\u021bii live transmise direct \u00een sala de clas\u0103.<\/p>\n<p>Participan\u021bii la cursurile noastre primesc nu doar o diplom\u0103 semnat\u0103 de speaker, ci \u0219i \u00eencrederea de a aplica cuno\u0219tin\u021bele acumulate chiar de a doua zi. Feedback-ul pozitiv ob\u021binut dup\u0103 organizarea a peste 100 de evenimente de succes ne-a consacrat ca o destina\u021bie de referin\u021b\u0103 pentru dezvoltarea profesional\u0103 continu\u0103 \u00een domeniul stomatologiei.<\/p>\n<p>Science Studies s-a n\u0103scut din dorin\u021ba de a aduce educa\u021bie de clas\u0103 interna\u021bional\u0103 \u00een Rom\u00e2nia. Credem cu t\u0103rie \u00een puterea educa\u021biei de a transforma practici \u0219i de a \u00eembun\u0103t\u0103\u021bi \u00eentreaga comunitate dentar\u0103. V\u0103 invit\u0103m s\u0103 participati la evenimentele Science Studies \u0219i s\u0103 experimenta\u021bi un proces de \u00eenv\u0103\u021bare care stabile\u0219te noi standarde \u00een educa\u021bia dentar\u0103.<\/p>\t\t\t\t\t\t\t\t<\/div>\n\t\t\t\t<div class=\"elementor-element elementor-element-8e04a35 elementor-widget-mobile__width-inherit elementor-position-top elementor-widget elementor-widget-image-box\" data-id=\"8e04a35\" data-element_type=\"widget\" data-e-type=\"widget\" data-widget_type=\"image-box.default\">\n\t\t\t\t\t<div class=\"elementor-image-box-wrapper\"><figure class=\"elementor-image-box-img\"><img decoding=\"async\" width=\"150\" height=\"150\" src=\"https:\/\/sciencestudies.ro\/wp-content\/uploads\/2025\/12\/raluca_draghici.png\" class=\"attachment-full size-full wp-image-3700\" alt=\"\" srcset=\"https:\/\/sciencestudies.ro\/wp-content\/uploads\/2025\/12\/raluca_draghici.png 150w, https:\/\/sciencestudies.ro\/wp-content\/uploads\/2025\/12\/raluca_draghici-12x12.png 12w, https:\/\/sciencestudies.ro\/wp-content\/uploads\/2025\/12\/raluca_draghici-100x100.png 100w\" sizes=\"(max-width: 150px) 100vw, 150px\" \/><\/figure><div class=\"elementor-image-box-content\"><p class=\"elementor-image-box-title\">Raluca Draghici<\/p><\/div><\/div>\t\t\t\t<\/div>\n\t\t\t\t<\/div>\n\t\t\t\t\t<\/div>\n\t\t\t\t<\/div>\n\t\t<div class=\"elementor-element elementor-element-ee9d0db e-flex e-con-boxed e-con e-parent\" data-id=\"ee9d0db\" data-element_type=\"container\" data-e-type=\"container\">\n\t\t\t\t\t<div class=\"e-con-inner\">\n\t\t<div class=\"elementor-element elementor-element-94b6618 e-flex e-con-boxed e-con e-child\" data-id=\"94b6618\" data-element_type=\"container\" data-e-type=\"container\" data-settings=\"{&quot;background_background&quot;:&quot;classic&quot;}\">\n\t\t\t\t\t<div class=\"e-con-inner\">\n\t\t\t\t<div class=\"elementor-element elementor-element-8578667 elementor-widget elementor-widget-heading\" data-id=\"8578667\" data-element_type=\"widget\" data-e-type=\"widget\" data-widget_type=\"heading.default\">\n\t\t\t\t\t<h2 class=\"elementor-heading-title elementor-size-default\">Aboneaz\u0103-te<\/h2>\t\t\t\t<\/div>\n\t\t\t\t<div class=\"elementor-element elementor-element-328ad42 elementor-widget elementor-widget-text-editor\" data-id=\"328ad42\" data-element_type=\"widget\" data-e-type=\"widget\" data-widget_type=\"text-editor.default\">\n\t\t\t\t\t\t\t\t\t<p>Completeaza forumarul si prime\u0219ti\u00a0 prin email informa\u021bii despre cursurile noastre.<\/p>\t\t\t\t\t\t\t\t<\/div>\n\t\t\t\t<div class=\"elementor-element elementor-element-1430268 elementor-widget elementor-widget-shortcode\" data-id=\"1430268\" data-element_type=\"widget\" data-e-type=\"widget\" data-widget_type=\"shortcode.default\">\n\t\t\t\t\t\t\t<div class=\"elementor-shortcode\">\n<div class=\"wpcf7 no-js\" id=\"wpcf7-f3720-o1\" lang=\"en-US\" dir=\"ltr\" data-wpcf7-id=\"3720\">\n<div class=\"screen-reader-response\"><p role=\"status\" aria-live=\"polite\" aria-atomic=\"true\"><\/p> <ul><\/ul><\/div>\n<form action=\"\/en\/wp-json\/wp\/v2\/pages\/3127#wpcf7-f3720-o1\" method=\"post\" class=\"wpcf7-form init\" aria-label=\"Contact form\" novalidate=\"novalidate\" data-status=\"init\" data-trp-original-action=\"\/en\/wp-json\/wp\/v2\/pages\/3127#wpcf7-f3720-o1\">\n<fieldset class=\"hidden-fields-container\"><input type=\"hidden\" name=\"_wpcf7\" value=\"3720\" \/><input type=\"hidden\" name=\"_wpcf7_version\" value=\"6.1.5\" \/><input type=\"hidden\" name=\"_wpcf7_locale\" value=\"en_US\" \/><input type=\"hidden\" name=\"_wpcf7_unit_tag\" value=\"wpcf7-f3720-o1\" \/><input type=\"hidden\" name=\"_wpcf7_container_post\" value=\"0\" \/><input type=\"hidden\" name=\"_wpcf7_posted_data_hash\" value=\"\" \/>\n<\/fieldset>\n<p><label><br \/>\n<span class=\"wpcf7-form-control-wrap\" data-name=\"your-name\"><input size=\"40\" maxlength=\"400\" class=\"wpcf7-form-control wpcf7-text wpcf7-validates-as-required\" autocomplete=\"name\" aria-required=\"true\" aria-invalid=\"false\" placeholder=\"Nume\" value=\"\" type=\"text\" name=\"your-name\" \/><\/span> <\/label><br \/>\n<span class=\"wpcf7-form-control-wrap\" data-name=\"your-email\"><input size=\"40\" maxlength=\"400\" class=\"wpcf7-form-control wpcf7-email wpcf7-validates-as-required wpcf7-text wpcf7-validates-as-email\" autocomplete=\"email\" aria-required=\"true\" aria-invalid=\"false\" placeholder=\"Email\" value=\"\" type=\"email\" name=\"your-email\" \/><\/span>\n<\/p>\n<p><input class=\"wpcf7-form-control wpcf7-submit has-spinner\" type=\"submit\" value=\"Trimite\" \/>\n<\/p>\n<div class=\"wpcf7-turnstile cf-turnstile\" data-sitekey=\"0x4AAAAAAAQGp62GeJnInGTr\" data-response-field-name=\"_wpcf7_turnstile_response\" data-size=\"compact\" data-language=\"ro\"><\/div><p style=\"display: none !important;\" class=\"akismet-fields-container\" data-prefix=\"_wpcf7_ak_\"><label>&#916;<textarea name=\"_wpcf7_ak_hp_textarea\" cols=\"45\" rows=\"8\" maxlength=\"100\"><\/textarea><\/label><input type=\"hidden\" id=\"ak_js_1\" name=\"_wpcf7_ak_js\" value=\"115\"\/><script>document.getElementById( \"ak_js_1\" ).setAttribute( \"value\", ( new Date() ).getTime() );<\/script><\/p><div class=\"wpcf7-response-output\" aria-hidden=\"true\"><\/div>\n<input type=\"hidden\" name=\"trp-form-language\" value=\"en\"\/><\/form>\n<\/div>\n<\/div>\n\t\t\t\t\t\t<\/div>\n\t\t\t\t\t<\/div>\n\t\t\t\t<\/div>\n\t\t\t\t\t<\/div>\n\t\t\t\t<\/div>\n\t\t\t\t<\/div>","protected":false},"excerpt":{"rendered":"<p>Science Studies cursuri stomatologie organizam cursuri \u0219i evenimente de excelen\u021b\u0103 \u00een stomatologie, \u00eenc\u0103 din 2014, cu lectori interna\u021bionali recunoscu\u021bi pentru expertiza lor. Fondator Asist. Univ. Dr. Raluca Draghici Medic coordonator al echipei medicale din cadrul clinicii Office Dent, specialist protetica dentara, PhD in stiinte medicale, competenta implantologie, medic medicina generala. Facebook Linkedin Link Despre noi [&hellip;]<\/p>\n","protected":false},"author":1,"featured_media":0,"parent":0,"menu_order":0,"comment_status":"closed","ping_status":"closed","template":"","meta":{"footnotes":""},"class_list":["post-3127","page","type-page","status-publish","hentry"],"blocksy_meta":{"has_hero_section":"disabled","vertical_spacing_source":"custom","content_area_spacing":"none","styles_descriptor":{"styles":{"desktop":"","tablet":"","mobile":""},"google_fonts":[],"version":6}},"_links":{"self":[{"href":"https:\/\/sciencestudies.ro\/en\/wp-json\/wp\/v2\/pages\/3127","targetHints":{"allow":["GET"]}}],"collection":[{"href":"https:\/\/sciencestudies.ro\/en\/wp-json\/wp\/v2\/pages"}],"about":[{"href":"https:\/\/sciencestudies.ro\/en\/wp-json\/wp\/v2\/types\/page"}],"author":[{"embeddable":true,"href":"https:\/\/sciencestudies.ro\/en\/wp-json\/wp\/v2\/users\/1"}],"replies":[{"embeddable":true,"href":"https:\/\/sciencestudies.ro\/en\/wp-json\/wp\/v2\/comments?post=3127"}],"version-history":[{"count":47,"href":"https:\/\/sciencestudies.ro\/en\/wp-json\/wp\/v2\/pages\/3127\/revisions"}],"predecessor-version":[{"id":3892,"href":"https:\/\/sciencestudies.ro\/en\/wp-json\/wp\/v2\/pages\/3127\/revisions\/3892"}],"wp:attachment":[{"href":"https:\/\/sciencestudies.ro\/en\/wp-json\/wp\/v2\/media?parent=3127"}],"curies":[{"name":"wp","href":"https:\/\/api.w.org\/{rel}","templated":true}]}}