{"id":687,"date":"2021-12-23T22:06:12","date_gmt":"2021-12-23T22:06:12","guid":{"rendered":"https:\/\/startersites.io\/elementor\/garderobe\/?page_id=3"},"modified":"2025-12-03T19:12:30","modified_gmt":"2025-12-03T17:12:30","slug":"politica-de-confidentialitate","status":"publish","type":"page","link":"https:\/\/sciencestudies.ro\/en\/politica-de-confidentialitate\/","title":{"rendered":"Politica de confidentialitate"},"content":{"rendered":"<h3 class=\"wp-block-heading\">PRELUCRAREA DATELOR CU CARACTER CONFIDEN\u021aIAL \u0218I CONFIDEN\u021aIALITATEA ACESTORA<\/h3>\n\n\n\n<p><strong>Conform cerin\u021belor (GDPR) Regulamentului (UE) 2016\/679 privind protec\u021bia persoanelor fizice \u00een ceea ce prive\u0219te prelucrarea datelor cu caracter personal \u0219i privind libera circula\u021bie a acestor date , Legii nr. 677\/2001<\/strong>&nbsp;pentru protec\u021bia persoanelor cu privire la prelucrarea datelor cu caracter personal \u0219i libera circula\u021bie a acestor date, modificat\u0103 \u0219i completat\u0103 \u0219i ale&nbsp;<strong>Legii nr. 506\/2004<\/strong>&nbsp;privind prelucrarea datelor cu caracter personal \u0219i protec\u021bia vie\u021bii private \u00een sectorul comunica\u021biilor electronice \u0219i OUG 13\/24.04.2012,&nbsp;<strong>ST Technology Studies SRL<\/strong> poate colecta de la dumneavoastr\u0103 date cu caracter personal, dar numai cu acordul dumneavoastr\u0103 \u0219i dac\u0103 acestea sunt furnizate \u00een mod voluntar.<\/p>\n\n\n\n<p><strong>ST Technology Studies SRL<\/strong> &nbsp;administreaz\u0103 \u00een condi\u021bii de siguran\u021b\u0103 \u0219i numai pentru scopurile specificate, datele personale pe care le furniza\u021bi despre dumneavoastr\u0103 ori despre o alt\u0103 persoan\u0103.<\/p>\n\n\n\n<p><strong><strong>ST Technology Studies SRL<\/strong><\/strong>&nbsp;folose\u0219te datele cu caracter personal colectate, inclusiv adresa IP de la care Site-ul este vizitat, configura\u021bia browserului \u0219i loca\u021bia dumneavoastr\u0103, \u00een&nbsp;<strong>urm\u0103toarele scopuri<\/strong>:<\/p>\n\n\n\n<ul class=\"wp-block-list\">\n<li>Pentru personalizarea paginilor (de exemplu pentru afi\u0219area con\u021binutului \u00een limba selectat\u0103)<\/li>\n\n\n\n<li>Pentru a ne asigura ca pagina de web este relevanta nevoilor dumneavoastr\u0103.<\/li>\n\n\n\n<li>Pentru a livra servicii precum inscrierea la cursurile organizate pe care le-a\u021bi cerut sau achizi\u021bionat.<\/li>\n\n\n\n<li>Pentru a ne ajuta sa cream \u0219i s\u0103 publicam con\u021binutul cel mai relevant pentru dumneavoastr\u0103.<\/li>\n\n\n\n<li>Pentru a asigura accesul la sec\u021biuni cu acces limitat ale site-ului.<\/li>\n\n\n\n<li>Pentru \u00eembun\u0103t\u0103\u021birea securit\u0103\u021bii accesului la serviciile oferite<\/li>\n<\/ul>\n\n\n\n<h3 class=\"wp-block-heading\"><strong>Persoanele vizate, au urmatoarele drepturi:<\/strong><\/h3>\n\n\n\n<p><strong>Dreptul de acces la date al persoanei vizate<\/strong><\/p>\n\n\n\n<p>Persoana vizata va avea dreptul sa obtina o confirmare cu privire la faptul ca datele cu caracter personal care o privesc sunt prelucrate sau nu si sa aiba acces la acele date cu caracter personal, inclusiv la urmatoarele informatii:<\/p>\n\n\n\n<ul class=\"wp-block-list\">\n<li>scopul prelucrarii<\/li>\n\n\n\n<li>categoriile de date cu caracter personal vizate;<\/li>\n\n\n\n<li>destinatarii, in special destinatarii din tari terte;<\/li>\n\n\n\n<li>durata preconizata de stocare a datelor cu caracter personal sau criteriile utilizate pentru stabilirea acelei durate<\/li>\n\n\n\n<li>existenta dreptului de a solicita operatorului sa rectifice respectivele date cu caracter personal, sa le stearga sau sa restrictioneze prelucrarea lor sau existenta dreptului de a se opune acelei prelucrari (in mod clar si separat de alte informatii);<\/li>\n\n\n\n<li>dreptul de a depune o plangere la o autoritate de supraveghere;<\/li>\n\n\n\n<li>in cazul in care datele cu caracter personal nu sunt colectate de la persoana vizata, sursa acestora;<\/li>\n\n\n\n<li>in cazul transferului catre tari terte, de asemenea, masurile de protectie corespunzatoare adoptate.<\/li>\n<\/ul>\n\n\n\n<p><strong>Dreptul de rectificare a datelor<\/strong><\/p>\n\n\n\n<p>Persoana vizata are dreptul:<\/p>\n\n\n\n<ul class=\"wp-block-list\">\n<li>pentru rectificarea datelor cu caracter personal inexacte care il\/o privesc, fara intarzieri nejustificate,<\/li>\n\n\n\n<li>sa obtina completarea datelor cu caracter personal incomplete, inclusiv prin furnizarea unei declaratii suplimentare<\/li>\n<\/ul>\n\n\n\n<p>Operatorul va comunica rectificarea datelor cu caracter personal fiecarui destinatar, cu exceptia cazurilor in care acest lucru se dovedeste imposibil sau implica un efort disproportionat de mare.<\/p>\n\n\n\n<p><strong>Dreptul la stergerea datelor (\u201edreptul de a fi uitat\u201d)<\/strong><\/p>\n\n\n\n<p>Persoana vizata va avea dreptul de a sterge datele cu caracter personal care il privesc, din urmatoarele motive:<\/p>\n\n\n\n<ul class=\"wp-block-list\">\n<li>datele cu caracter personal nu mai sunt necesare in raport cu scopurile pentru care au fost colectate sau prelucrate in alt mod;<\/li>\n\n\n\n<li>persoana vizata isi retrage consimtamantul pe baza caruia s-a efectuat prelucrarea;<\/li>\n\n\n\n<li>persoana vizata aduce obiectii prelucrarii;<\/li>\n\n\n\n<li>datele cu caracter personal au fost prelucrate ilegal;<\/li>\n\n\n\n<li>datele cu caracter personal trebuie sa fie sterse pentru a se conforma unei obligatii legale;<\/li>\n<\/ul>\n\n\n\n<p>Operatorul nu este obligat sa stearga datele cu caracter personal daca prelucrarea este necesara:<\/p>\n\n\n\n<ul class=\"wp-block-list\">\n<li>pentru exercitarea dreptului la libertatea de exprimare si de informare;<\/li>\n\n\n\n<li>pentru respectarea unei obligatii legale sau pentru indeplinirea unei sarcini efectuate in interes public sau in exercitarea autoritatii publice cu care este investit operatorul;<\/li>\n\n\n\n<li>din motive de interes public in domeniul sanatatii publice (articolul 9 alineatul (2) literele (h) si (i), precum si articolul 9 alineatul (3) ale regulamentului);<\/li>\n\n\n\n<li>in scopuri de arhivare in interes public, in scopuri stiintifice sau de cercetare istorica, in scopuri statistice, in masura in care dreptul de stergere a datelor este de natura sa faca imposibila sau sa prejudicieze grav atingerea obiectivelor acelei prelucrari; sau<\/li>\n\n\n\n<li>pentru stabilirea, exercitarea sau apararea revendicarilor legale.<\/li>\n<\/ul>\n\n\n\n<p>In cazul in care operatorul a facut publice datele cu caracter personal si este obligat, in urma unei cereri a persoanei vizate, sa le stearga, tinand cont de tehnologia disponibila si de costul punerii in aplicare, va trebui sa ia masuri rezonabile, inclusiv masuri tehnice, pentru a informa operatorii si destinatarii care prelucreaza datele cu caracter personal ca persoana vizata a solicitat stergerea de catre acestia a oricaror link-uri sau a oricaror copii sau replicari ale datelor cu caracter personal.<\/p>\n\n\n\n<p><strong>Dreptul la restrictionarea prelucrarii<\/strong><\/p>\n\n\n\n<p>Operatorul va restrictiona prelucrarea datelor cu caracter personal ale persoanei vizate in urmatoarele cazuri:<\/p>\n\n\n\n<ul class=\"wp-block-list\">\n<li>exactitatea datelor cu caracter personal este contestata de persoana vizata, pe o durata care permite operatorului sa verifice acuratetea datelor cu caracter personal;<\/li>\n\n\n\n<li>prelucrarea este ilegala, iar persoana vizata se opune stergerii datelor cu caracter personal si solicita in schimb restrictionarea utilizarii lor;<\/li>\n\n\n\n<li>operatorul nu mai are nevoie de datele cu caracter personal in scopul prelucrarii, dar datele cu caracter personal sunt solicitate de persoana vizata pentru stabilirea, exercitarea sau apararea revendicarilor legale;<\/li>\n\n\n\n<li>persoana vizata a formulat obiectii cu privire la prelucrarea pe baza unei sarcini efectuate in interesul public sau pentru interesele legitime ale operatorului sau ale unei terte parti, pe durata verificarii prin care se stabileste daca motivele legitime ale operatorului sunt superioare celor ale persoanei vizate.<\/li>\n<\/ul>\n\n\n\n<p>In cazul in care prelucrarea datelor cu caracter personal a fost restrictionata, acele date cu caracter personal pot fi doar stocate. Prelucrarea ulterioara este posibila numai:<\/p>\n\n\n\n<ul class=\"wp-block-list\">\n<li>cu acordul persoanei vizate;<\/li>\n\n\n\n<li>pentru stabilirea, exercitarea sau apararea unor revendicari legale sau pentru protejarea drepturilor altei persoane fizice sau juridice;<\/li>\n\n\n\n<li>din motive de interes public al unui Stat Membru.<\/li>\n<\/ul>\n\n\n\n<p>Operatorul este obligat sa informeze fiecare destinatar despre restrictionarea prelucrarii datelor cu caracter personal, cu exceptia cazului in care acest lucru se dovedeste imposibil sau ar presupune un efort disproportionat de mare.<\/p>\n\n\n\n<p><strong>Dreptul la portabilitatea datelor<\/strong><\/p>\n\n\n\n<p>Persoana vizata are dreptul sa transmita datele cu caracter personal care il privesc de la un operator la altul (in cazul in care acest lucru este fezabil din punct de vedere tehnic), daca prelucrarea se face pe baza consimtamantului persoanei vizate sau pe baza contractului in cadrul caruia persoana vizata este parte contractanta, iar prelucrarea se face prin mijloace automatizate. Este imperativ ca transmiterea datelor cu caracter personal sa nu afecteze in mod negativ drepturile si libertatile celorlalti.<\/p>\n\n\n\n<p>Persoana vizata are dreptul sa obtina datele cu caracter personal intr-un format structurat, utilizat in mod obisnuit si care poate fi citit de calculator.<\/p>\n\n\n\n<p><strong>Dreptul de a obiecta<\/strong><\/p>\n\n\n\n<p>Persoana vizata va avea dreptul sa se opuna, in orice moment, din motive legate de situatia sa specifica, prelucrarii datelor cu caracter personal in scopul:<\/p>\n\n\n\n<ul class=\"wp-block-list\">\n<li>indeplinirii unei sarcini efectuate in interes public sau pentru interesele legitime ale operatorului sau ale tertei parti, inclusiv elaborarea profilurilor;<\/li>\n\n\n\n<li>comercializarii directe, inclusiv elaborarea profilurilor, in masura in care este legata de o astfel de comercializare directa (in acest caz datele cu caracter personal nu mai sunt prelucrate in scopul comercializarii directe);<\/li>\n\n\n\n<li>cercetarii stiintifice sau istorice.<\/li>\n<\/ul>\n\n\n\n<p>La cererea oricarei persoane vizate, sciencestudies.ro va asigura acesteia exercitarea drepturilor sale. In vederea exercitarii acestor drepturi, persoana vizata va transmite o cerere scrisa, datata si semnata catre sciencestudies.ro, la adresa str. Laboratorului nr. 5A, et. 1, Ploiesti, 100070, Prahova in atentia Directorului Administrativ.<\/p>","protected":false},"excerpt":{"rendered":"<p>PRELUCRAREA DATELOR CU CARACTER CONFIDEN\u021aIAL \u0218I CONFIDEN\u021aIALITATEA ACESTORA Conform cerin\u021belor (GDPR) Regulamentului (UE) 2016\/679 privind protec\u021bia persoanelor fizice \u00een ceea ce prive\u0219te prelucrarea datelor cu caracter personal \u0219i privind libera circula\u021bie a acestor date , Legii nr. 677\/2001&nbsp;pentru protec\u021bia persoanelor cu privire la prelucrarea datelor cu caracter personal \u0219i libera circula\u021bie a acestor date, modificat\u0103 [&hellip;]<\/p>\n","protected":false},"author":1,"featured_media":0,"parent":0,"menu_order":0,"comment_status":"closed","ping_status":"closed","template":"","meta":{"footnotes":""},"class_list":["post-687","page","type-page","status-publish","hentry"],"blocksy_meta":[],"_links":{"self":[{"href":"https:\/\/sciencestudies.ro\/en\/wp-json\/wp\/v2\/pages\/687","targetHints":{"allow":["GET"]}}],"collection":[{"href":"https:\/\/sciencestudies.ro\/en\/wp-json\/wp\/v2\/pages"}],"about":[{"href":"https:\/\/sciencestudies.ro\/en\/wp-json\/wp\/v2\/types\/page"}],"author":[{"embeddable":true,"href":"https:\/\/sciencestudies.ro\/en\/wp-json\/wp\/v2\/users\/1"}],"replies":[{"embeddable":true,"href":"https:\/\/sciencestudies.ro\/en\/wp-json\/wp\/v2\/comments?post=687"}],"version-history":[{"count":3,"href":"https:\/\/sciencestudies.ro\/en\/wp-json\/wp\/v2\/pages\/687\/revisions"}],"predecessor-version":[{"id":3665,"href":"https:\/\/sciencestudies.ro\/en\/wp-json\/wp\/v2\/pages\/687\/revisions\/3665"}],"wp:attachment":[{"href":"https:\/\/sciencestudies.ro\/en\/wp-json\/wp\/v2\/media?parent=687"}],"curies":[{"name":"wp","href":"https:\/\/api.w.org\/{rel}","templated":true}]}}